{"id":10653,"date":"2024-04-30T17:14:53","date_gmt":"2024-04-30T20:14:53","guid":{"rendered":"https:\/\/isfd21-bue.infd.edu.ar\/sitio\/?page_id=10653"},"modified":"2024-04-30T17:14:55","modified_gmt":"2024-04-30T20:14:55","slug":"rematriculacion","status":"publish","type":"page","link":"https:\/\/isfd21-bue.infd.edu.ar\/sitio\/rematriculacion\/","title":{"rendered":"REMATRICULACI\u00d3N"},"content":{"rendered":"\n<p>\u00bfQU\u00c9 TENER EN CUENTA PARA INSCRIBIRSE?<\/p>\n\n\n\n<p>VISUALIZAR HORARIOS. ES SUMAMENTE IMPORTANTE VER LOS HORARIOS Y EN BASE A ELLO REALIZAR LA INSCRIPCI\u00d3N A MATERIAS. RECUERDEN QUE SE TRATA DE UNA DECLARACI\u00d3N JURADA Y UNA VEZ REALIZADA NO SE PUEDE MODIFICAR.<\/p>\n\n\n\n<p>LA INSCRIPCI\u00d3N SE REALIZA UNA VEZ, LUEGO NO DEBE TENER MODIFICACIONES POSTERIORES A LA INSCRIPCI\u00d3N, POR ESO RECOMENDAMOS QUE REALICEN UNA INSCRIPCI\u00d3N A CONCIENCIA, TENDIENDO EN CUENTA SU SITUACI\u00d3N LABORAL Y FAMILIAR.<\/p>\n\n\n\n<p><\/p>\n\n\n\n<p><\/p>\n\n\n<div class=\"wp-block-image\">\n<figure class=\"aligncenter size-full is-resized\"><img decoding=\"async\" loading=\"lazy\" src=\"https:\/\/isfd21-bue.infd.edu.ar\/sitio\/wp-content\/uploads\/2024\/04\/WhatsApp-Image-2024-04-30-at-16.32.43.jpeg\" alt=\"\" class=\"wp-image-10657\" width=\"1280\" height=\"720\" srcset=\"https:\/\/isfd21-bue.infd.edu.ar\/sitio\/wp-content\/uploads\/2024\/04\/WhatsApp-Image-2024-04-30-at-16.32.43.jpeg 1080w, https:\/\/isfd21-bue.infd.edu.ar\/sitio\/wp-content\/uploads\/2024\/04\/WhatsApp-Image-2024-04-30-at-16.32.43-1000x563.jpeg 1000w, https:\/\/isfd21-bue.infd.edu.ar\/sitio\/wp-content\/uploads\/2024\/04\/WhatsApp-Image-2024-04-30-at-16.32.43-768x432.jpeg 768w\" sizes=\"(max-width: 1280px) 100vw, 1280px\" \/><\/figure><\/div>\n\n\n<p><\/p>\n","protected":false},"excerpt":{"rendered":"<p>\u00bfQU\u00c9 TENER EN CUENTA PARA INSCRIBIRSE? VISUALIZAR HORARIOS. ES SUMAMENTE IMPORTANTE VER LOS HORARIOS Y EN BASE A ELLO REALIZAR LA INSCRIPCI\u00d3N A MATERIAS. RECUERDEN QUE SE TRATA DE UNA DECLARACI\u00d3N JURADA Y UNA VEZ REALIZADA NO SE PUEDE MODIFICAR. LA INSCRIPCI\u00d3N SE REALIZA UNA VEZ, LUEGO NO DEBE TENER MODIFICACIONES POSTERIORES A LA INSCRIPCI\u00d3N, &#8230; <a title=\"REMATRICULACI\u00d3N\" class=\"read-more\" href=\"https:\/\/isfd21-bue.infd.edu.ar\/sitio\/rematriculacion\/\" aria-label=\"More on REMATRICULACI\u00d3N\">[+]<\/a><\/p>\n","protected":false},"author":9269,"featured_media":0,"parent":0,"menu_order":0,"comment_status":"closed","ping_status":"closed","template":"","meta":[],"acf":[],"_links":{"self":[{"href":"https:\/\/isfd21-bue.infd.edu.ar\/sitio\/wp-json\/wp\/v2\/pages\/10653"}],"collection":[{"href":"https:\/\/isfd21-bue.infd.edu.ar\/sitio\/wp-json\/wp\/v2\/pages"}],"about":[{"href":"https:\/\/isfd21-bue.infd.edu.ar\/sitio\/wp-json\/wp\/v2\/types\/page"}],"author":[{"embeddable":true,"href":"https:\/\/isfd21-bue.infd.edu.ar\/sitio\/wp-json\/wp\/v2\/users\/9269"}],"replies":[{"embeddable":true,"href":"https:\/\/isfd21-bue.infd.edu.ar\/sitio\/wp-json\/wp\/v2\/comments?post=10653"}],"version-history":[{"count":1,"href":"https:\/\/isfd21-bue.infd.edu.ar\/sitio\/wp-json\/wp\/v2\/pages\/10653\/revisions"}],"predecessor-version":[{"id":10659,"href":"https:\/\/isfd21-bue.infd.edu.ar\/sitio\/wp-json\/wp\/v2\/pages\/10653\/revisions\/10659"}],"wp:attachment":[{"href":"https:\/\/isfd21-bue.infd.edu.ar\/sitio\/wp-json\/wp\/v2\/media?parent=10653"}],"curies":[{"name":"wp","href":"https:\/\/api.w.org\/{rel}","templated":true}]}}