{"id":10595,"date":"2024-04-25T15:18:19","date_gmt":"2024-04-25T18:18:19","guid":{"rendered":"https:\/\/isfd21-bue.infd.edu.ar\/sitio\/?page_id=10595"},"modified":"2024-04-30T16:06:34","modified_gmt":"2024-04-30T19:06:34","slug":"duplicado-de-titulo-2","status":"publish","type":"page","link":"https:\/\/isfd21-bue.infd.edu.ar\/sitio\/duplicado-de-titulo-2\/","title":{"rendered":"DUPLICADO DE T\u00cdTULO"},"content":{"rendered":"\n<p><em>Si se tratase de una solicitud motivada por la\/el egresada\/o como consecuencia de un proceso de adecuaci\u00f3n documental <strong><u>derivada de su auto percepci\u00f3n:<\/u><\/strong><\/em><\/p>\n\n\n\n<ul>\n<li><strong><em>Pedido por nota<\/em><\/strong><em> (mesa de entrada)<\/em><\/li>\n\n\n\n<li><strong><em>DNI<\/em><\/strong><\/li>\n\n\n\n<li><strong><em>T\u00edtulo original<\/em><\/strong><\/li>\n<\/ul>\n\n\n\n<p><em>Si se tratase de un <strong><u>siniestro o extrav\u00edo de t\u00edtulo<\/u><\/strong>, la Declaraci\u00f3n Jurada deber\u00e1 estar presentada por la correspondient<\/em>e.<\/p>\n\n\n\n<ul>\n<li><strong><em>Pedido por nota<\/em><\/strong><em> (mesa de entrada)<\/em><\/li>\n\n\n\n<li><strong><em>Exposici\u00f3n civil <\/em><\/strong><em>en la que deber\u00e1 constar el n\u00famero de formulario que se solicitar\u00e1 anular en los casos que refieren a t\u00edtulos impresos en papel moneda; n\u00famero de libro Matriz, folio, registro de egresados en los casos que refieran a t\u00edtulos impresos en papel blanco con gramaje especial.<\/em><\/li>\n<\/ul>\n\n\n\n<p><strong><em>ACLARACI\u00d3N: <\/em><\/strong><em>en el caso que el egresado no cuente con los datos necesarios para realizar la exposici\u00f3n civil, deber\u00e1 solicitarlo a la&nbsp; Secretaria del instituto, ingresando el pedido por nota (mesa de entrada)<strong>.<\/strong><\/em><\/p>\n","protected":false},"excerpt":{"rendered":"<p>Si se tratase de una solicitud motivada por la\/el egresada\/o como consecuencia de un proceso de adecuaci\u00f3n documental derivada de su auto percepci\u00f3n: Si se tratase de un siniestro o extrav\u00edo de t\u00edtulo, la Declaraci\u00f3n Jurada deber\u00e1 estar presentada por la correspondiente. ACLARACI\u00d3N: en el caso que el egresado no cuente con los datos necesarios &#8230; <a title=\"DUPLICADO DE T\u00cdTULO\" class=\"read-more\" href=\"https:\/\/isfd21-bue.infd.edu.ar\/sitio\/duplicado-de-titulo-2\/\" aria-label=\"More on DUPLICADO DE T\u00cdTULO\">[+]<\/a><\/p>\n","protected":false},"author":9269,"featured_media":0,"parent":0,"menu_order":0,"comment_status":"closed","ping_status":"closed","template":"","meta":[],"acf":[],"_links":{"self":[{"href":"https:\/\/isfd21-bue.infd.edu.ar\/sitio\/wp-json\/wp\/v2\/pages\/10595"}],"collection":[{"href":"https:\/\/isfd21-bue.infd.edu.ar\/sitio\/wp-json\/wp\/v2\/pages"}],"about":[{"href":"https:\/\/isfd21-bue.infd.edu.ar\/sitio\/wp-json\/wp\/v2\/types\/page"}],"author":[{"embeddable":true,"href":"https:\/\/isfd21-bue.infd.edu.ar\/sitio\/wp-json\/wp\/v2\/users\/9269"}],"replies":[{"embeddable":true,"href":"https:\/\/isfd21-bue.infd.edu.ar\/sitio\/wp-json\/wp\/v2\/comments?post=10595"}],"version-history":[{"count":2,"href":"https:\/\/isfd21-bue.infd.edu.ar\/sitio\/wp-json\/wp\/v2\/pages\/10595\/revisions"}],"predecessor-version":[{"id":10651,"href":"https:\/\/isfd21-bue.infd.edu.ar\/sitio\/wp-json\/wp\/v2\/pages\/10595\/revisions\/10651"}],"wp:attachment":[{"href":"https:\/\/isfd21-bue.infd.edu.ar\/sitio\/wp-json\/wp\/v2\/media?parent=10595"}],"curies":[{"name":"wp","href":"https:\/\/api.w.org\/{rel}","templated":true}]}}