{"id":1043,"date":"2018-08-29T16:24:42","date_gmt":"2018-08-29T19:24:42","guid":{"rendered":"https:\/\/isfd21-bue.infd.edu.ar\/sitio\/normativas-internas\/"},"modified":"2026-04-28T16:21:44","modified_gmt":"2026-04-28T19:21:44","slug":"normativas","status":"publish","type":"page","link":"https:\/\/isfd21-bue.infd.edu.ar\/sitio\/normativas\/","title":{"rendered":"NORMATIVAS EDUCACI\u00d3N SUPERIOR"},"content":{"rendered":"<p><a href=\"https:\/\/isfd21-bue.infd.edu.ar\/sitio\/regimen-academico-marco\/\" target=\"_blank\" rel=\"noopener\">REGIMEN ACAD\u00c9MICO MARCO 2024<\/a><\/p>\n<p><a href=\"https:\/\/isfd21-bue.infd.edu.ar\/sitio\/wp-content\/uploads\/2022\/11\/comunicacion-82-rectificada-1.pdf\">Comunicaci\u00f3n 82 rectificada <\/a><\/p>\n<p><a href=\"https:\/\/isfd21-bue.infd.edu.ar\/sitio\/wp-content\/uploads\/2022\/05\/Comunicacion-Conjunta-No3_22_.pdf\">Comunicaci\u00f3n Conjunta N\u00ba3_22_<\/a><\/p>\n<p><a href=\"https:\/\/isfd21-bue.infd.edu.ar\/sitio\/wp-content\/uploads\/2022\/02\/com.conj-4-21.docx-12.pdf\">COMUNICACI\u00d3N CONJUNTA 4\/2021<\/a><\/p>\n<p><a href=\"https:\/\/isfd21-bue.infd.edu.ar\/sitio\/wp-content\/uploads\/2020\/09\/SUPERIOR-prorroga-elecciones.docx\" target=\"_blank\" rel=\"noopener\">SUPERIOR prorroga elecciones<\/a><\/p>\n<p><a href=\"https:\/\/isfd21-bue.infd.edu.ar\/sitio\/wp-content\/uploads\/2020\/09\/CTC-N\u00b0-2-AMPLIATORIA-MESAS-DE-EXAMENES-232051.pdf\">CTC N\u00b0 2 AMPLIATORIA MESAS DE EXAMENES [32051]<\/a><\/p>\n<p><a href=\"https:\/\/isfd21-bue.infd.edu.ar\/sitio\/wp-content\/uploads\/2020\/09\/DIRECCI\u00d3N-DE-CONCURSOS-COMUNICACI\u00d3N-N\u00ba-4-20-CADUCIDAD-1.docx\" target=\"_blank\" rel=\"noopener\">DIRECCI\u00d3N DE CONCURSOS &#8211; COMUNICACI\u00d3N N\u00ba 4-20 CADUCIDAD (1)<\/a><\/p>\n<p><a href=\"https:\/\/isfd21-bue.infd.edu.ar\/sitio\/wp-content\/uploads\/2020\/09\/NO-2020-07540924-GDEBA-DPFDDGCYE.pdf\">NO-2020-07540924-GDEBA-DPFDDGCYE<\/a><\/p>\n\n\n<p><\/p>\n\n\n\n<p><\/p>\n\n\n\n<p><\/p>\n\n\n\n<p><\/p>\n","protected":false},"excerpt":{"rendered":"<p>REGIMEN ACAD\u00c9MICO MARCO 2024 Comunicaci\u00f3n 82 rectificada Comunicaci\u00f3n Conjunta N\u00ba3_22_ COMUNICACI\u00d3N CONJUNTA 4\/2021 SUPERIOR prorroga elecciones CTC N\u00b0 2 AMPLIATORIA MESAS DE EXAMENES [32051] DIRECCI\u00d3N DE CONCURSOS &#8211; COMUNICACI\u00d3N N\u00ba 4-20 CADUCIDAD (1) NO-2020-07540924-GDEBA-DPFDDGCYE<\/p>\n","protected":false},"author":9,"featured_media":0,"parent":0,"menu_order":0,"comment_status":"closed","ping_status":"closed","template":"","meta":[],"acf":[],"_links":{"self":[{"href":"https:\/\/isfd21-bue.infd.edu.ar\/sitio\/wp-json\/wp\/v2\/pages\/1043"}],"collection":[{"href":"https:\/\/isfd21-bue.infd.edu.ar\/sitio\/wp-json\/wp\/v2\/pages"}],"about":[{"href":"https:\/\/isfd21-bue.infd.edu.ar\/sitio\/wp-json\/wp\/v2\/types\/page"}],"author":[{"embeddable":true,"href":"https:\/\/isfd21-bue.infd.edu.ar\/sitio\/wp-json\/wp\/v2\/users\/9"}],"replies":[{"embeddable":true,"href":"https:\/\/isfd21-bue.infd.edu.ar\/sitio\/wp-json\/wp\/v2\/comments?post=1043"}],"version-history":[{"count":25,"href":"https:\/\/isfd21-bue.infd.edu.ar\/sitio\/wp-json\/wp\/v2\/pages\/1043\/revisions"}],"predecessor-version":[{"id":14648,"href":"https:\/\/isfd21-bue.infd.edu.ar\/sitio\/wp-json\/wp\/v2\/pages\/1043\/revisions\/14648"}],"wp:attachment":[{"href":"https:\/\/isfd21-bue.infd.edu.ar\/sitio\/wp-json\/wp\/v2\/media?parent=1043"}],"curies":[{"name":"wp","href":"https:\/\/api.w.org\/{rel}","templated":true}]}}