{"id":1019,"date":"2018-08-29T16:24:33","date_gmt":"2018-08-29T19:24:33","guid":{"rendered":"https:\/\/isfd21-bue.infd.edu.ar\/sitio\/regimen-de-cursada-y-asistencia-5\/"},"modified":"2024-12-11T15:40:28","modified_gmt":"2024-12-11T18:40:28","slug":"regimen-de-cursada-y-asistencia-5","status":"publish","type":"page","link":"https:\/\/isfd21-bue.infd.edu.ar\/sitio\/regimen-de-cursada-y-asistencia-5\/","title":{"rendered":"Profesorado de Ingl\u00e9s"},"content":{"rendered":"<h4 style=\"text-align: left;\"><em><strong>YA SE ENCUENTRA DISPONIBLE EL MATERIAL PARA INGRESANTES 2025:<\/strong><\/em><\/h4>\n<p><a href=\"https:\/\/drive.google.com\/drive\/folders\/1fvZPNXZB4VfYTKHMCxgCycInGi_axC8z?usp=drive_link\">PROGRAMA PARA EL INGRESO A INGL\u00c9S 2025<\/a><\/p>\n<h4 style=\"text-align: left;\"><em><strong>YA SE ENCUENTRA DISPONIBLE EL MATERIAL PARA INGRESANTES 2023:<\/strong><\/em><\/h4>\n<p><a href=\"https:\/\/isfd21-bue.infd.edu.ar\/sitio\/wp-content\/uploads\/2023\/02\/Ingles-Ingreso-programa-2023-1-2.pdf\">Ingl\u00e9s Ingreso programa 2023 (1)<\/a><\/p>\n<hr \/>\n<hr \/>\n<h5 style=\"text-align: left;\"><\/h5>\n<p><img decoding=\"async\" loading=\"lazy\" class=\"wp-image-2506 aligncenter\" src=\"https:\/\/isfd21-bue.infd.edu.ar\/sitio\/wp-content\/uploads\/2020\/09\/INGLES-1000x563.jpg\" alt=\"\" width=\"830\" height=\"467\" srcset=\"https:\/\/isfd21-bue.infd.edu.ar\/sitio\/wp-content\/uploads\/2020\/09\/INGLES-1000x563.jpg 1000w, https:\/\/isfd21-bue.infd.edu.ar\/sitio\/wp-content\/uploads\/2020\/09\/INGLES-768x432.jpg 768w, https:\/\/isfd21-bue.infd.edu.ar\/sitio\/wp-content\/uploads\/2020\/09\/INGLES.jpg 1280w\" sizes=\"(max-width: 830px) 100vw, 830px\" \/><\/p>\n<p>Pod\u00e9s elegir cursar el Profesorado de Ingl\u00e9s en turno ma\u00f1ana o turno vespertino.<\/p>\n<p>Turno ma\u00f1ana: 8 a 12.15 hs.<\/p>\n<p>Turno vespertino: 18 a 22.15 hs.<\/p>\n<p>Cabe aclarar que pueden existir materias que se cursen en pre hora (17.15 a 18 hs.) o post hora (12.15 a 13 hs.), adem\u00e1s las cursadas de la Pr\u00e1ctica Docente en contraturno. Para m\u00e1s informaci\u00f3n sobre la propuesta formativa de la carrera y carga horaria, pod\u00e9s acceder al dise\u00f1o curricular:<\/p>\n<p><a href=\"https:\/\/isfd21-bue.infd.edu.ar\/sitio\/wp-content\/uploads\/2020\/02\/anexo_disen_o_ingles.pdf\">DISE\u00d1O CURRICULAR<\/a><\/p>\n<p><a href=\"https:\/\/isfd21-bue.infd.edu.ar\/sitio\/wp-content\/uploads\/2024\/02\/INGLES.pdf\" target=\"_blank\" rel=\"noopener\">CORRELATIVIDADES: COMUNICACI\u00d3N 109\/23 INGLES<\/a><\/p>\n<h3><\/h3>\n<h3><\/h3>\n<p><a href=\"https:\/\/isfd21-bue.infd.edu.ar\/sitio\/propuestas-formativas\"><img decoding=\"async\" loading=\"lazy\" class=\"alignnone wp-image-2516\" src=\"https:\/\/isfd21-bue.infd.edu.ar\/sitio\/wp-content\/uploads\/2020\/09\/FLECHA.png\" alt=\"\" width=\"90\" height=\"92\" \/><\/a><\/p>\n","protected":false},"excerpt":{"rendered":"<p>YA SE ENCUENTRA DISPONIBLE EL MATERIAL PARA INGRESANTES 2025: PROGRAMA PARA EL INGRESO A INGL\u00c9S 2025 YA SE ENCUENTRA DISPONIBLE EL MATERIAL PARA INGRESANTES 2023: Ingl\u00e9s Ingreso programa 2023 (1) Pod\u00e9s elegir cursar el Profesorado de Ingl\u00e9s en turno ma\u00f1ana o turno vespertino. Turno ma\u00f1ana: 8 a 12.15 hs. Turno vespertino: 18 a 22.15 hs. &#8230; <a title=\"Profesorado de Ingl\u00e9s\" class=\"read-more\" href=\"https:\/\/isfd21-bue.infd.edu.ar\/sitio\/regimen-de-cursada-y-asistencia-5\/\" aria-label=\"More on Profesorado de Ingl\u00e9s\">[+]<\/a><\/p>\n","protected":false},"author":9,"featured_media":0,"parent":0,"menu_order":0,"comment_status":"closed","ping_status":"closed","template":"","meta":[],"acf":[],"_links":{"self":[{"href":"https:\/\/isfd21-bue.infd.edu.ar\/sitio\/wp-json\/wp\/v2\/pages\/1019"}],"collection":[{"href":"https:\/\/isfd21-bue.infd.edu.ar\/sitio\/wp-json\/wp\/v2\/pages"}],"about":[{"href":"https:\/\/isfd21-bue.infd.edu.ar\/sitio\/wp-json\/wp\/v2\/types\/page"}],"author":[{"embeddable":true,"href":"https:\/\/isfd21-bue.infd.edu.ar\/sitio\/wp-json\/wp\/v2\/users\/9"}],"replies":[{"embeddable":true,"href":"https:\/\/isfd21-bue.infd.edu.ar\/sitio\/wp-json\/wp\/v2\/comments?post=1019"}],"version-history":[{"count":25,"href":"https:\/\/isfd21-bue.infd.edu.ar\/sitio\/wp-json\/wp\/v2\/pages\/1019\/revisions"}],"predecessor-version":[{"id":12083,"href":"https:\/\/isfd21-bue.infd.edu.ar\/sitio\/wp-json\/wp\/v2\/pages\/1019\/revisions\/12083"}],"wp:attachment":[{"href":"https:\/\/isfd21-bue.infd.edu.ar\/sitio\/wp-json\/wp\/v2\/media?parent=1019"}],"curies":[{"name":"wp","href":"https:\/\/api.w.org\/{rel}","templated":true}]}}